{"id":66,"date":"2019-08-14T17:40:38","date_gmt":"2019-08-14T15:40:38","guid":{"rendered":"http:\/\/localhost\/ambermuseum\/?page_id=66"},"modified":"2022-07-06T16:26:15","modified_gmt":"2022-07-06T14:26:15","slug":"home","status":"publish","type":"page","link":"https:\/\/ambermuseum.eu\/en\/","title":{"rendered":"home"},"content":{"rendered":"","protected":false},"excerpt":{"rendered":"","protected":false},"author":1,"featured_media":0,"parent":0,"menu_order":0,"comment_status":"closed","ping_status":"closed","template":"","meta":{"_acf_changed":false,"_seopress_robots_primary_cat":"","_seopress_titles_title":"Muzeum Bursztynu w Krakowie","_seopress_titles_desc":"Miejsce wyj\u0105tkowe, zrodzone z pasji do bursztynu jego pomys\u0142odawcy i w\u0142a\u015bciciela Tomasza Miko\u0142ajczyka. Dzielimy si\u0119 tym, co mamy najpi\u0119kniejszego: bursztynem.","_seopress_robots_index":"","footnotes":""},"class_list":["post-66","page","type-page","status-publish"],"acf":[],"_links":{"self":[{"href":"https:\/\/ambermuseum.eu\/en\/wp-json\/wp\/v2\/pages\/66","targetHints":{"allow":["GET"]}}],"collection":[{"href":"https:\/\/ambermuseum.eu\/en\/wp-json\/wp\/v2\/pages"}],"about":[{"href":"https:\/\/ambermuseum.eu\/en\/wp-json\/wp\/v2\/types\/page"}],"author":[{"embeddable":true,"href":"https:\/\/ambermuseum.eu\/en\/wp-json\/wp\/v2\/users\/1"}],"replies":[{"embeddable":true,"href":"https:\/\/ambermuseum.eu\/en\/wp-json\/wp\/v2\/comments?post=66"}],"version-history":[{"count":0,"href":"https:\/\/ambermuseum.eu\/en\/wp-json\/wp\/v2\/pages\/66\/revisions"}],"wp:attachment":[{"href":"https:\/\/ambermuseum.eu\/en\/wp-json\/wp\/v2\/media?parent=66"}],"curies":[{"name":"wp","href":"https:\/\/api.w.org\/{rel}","templated":true}]}}